{"id":836,"date":"2021-06-21T07:30:43","date_gmt":"2021-06-21T07:30:43","guid":{"rendered":"http:\/\/alcaldegestionfincas.com\/?page_id=836"},"modified":"2021-06-21T07:40:48","modified_gmt":"2021-06-21T07:40:48","slug":"politica-de-cookies","status":"publish","type":"page","link":"https:\/\/alcaldegestionfincas.com\/?page_id=836","title":{"rendered":"Pol\u00edtica de Cookies"},"content":{"rendered":"\n<h2><strong>Pol\u00edtica de Cookies<\/strong><\/h2>\n\n\n\n<p><strong>\u00bf<\/strong><strong>Qu\u00e9 son las Cookies?<\/strong><\/p>\n\n\n\n<p>Una cookie es un archivo o dispositivo que se descarga en el equipo\nterminal de un usuario con la finalidad de almacenar datos que podr\u00e1n ser\nactualizados y recuperados por la entidad responsable de su instalaci\u00f3n. Es\ndecir, es un fichero que se descarga en su ordenador al acceder a determinadas\np\u00e1ginas web. Las cookies permiten a una p\u00e1gina web, entre otras cosas,\nalmacenar y recuperar informaci\u00f3n sobre los h\u00e1bitos de navegaci\u00f3n de un usuario\no de su equipo y, dependiendo de la informaci\u00f3n que contengan y de la forma en\nque utilice su equipo, pueden utilizarse para reconocer al usuario.<\/p>\n\n\n\n<p><strong>Tipolog\u00eda de\nCookies<\/strong><\/p>\n\n\n\n<p>Existen diferentes tipos de cookies en funci\u00f3n, sobre todo, de la\nnaturaleza de estas, as\u00ed se clasifican para t\u00edtulo orientativo, entre otras,\nlas siguientes:<\/p>\n\n\n\n<p><strong>Seg\u00fan el\nplazo de tiempo:&nbsp; <\/strong><\/p>\n\n\n\n<ul class=\"wp-block-list\"><li>Cookies de\nsesi\u00f3n: son aquellas dise\u00f1adas para recabar y almacenar datos mientras el\nusuario accede a una p\u00e1gina web. Se suelen emplear para almacenar informaci\u00f3n\nque solo interesa conservar para la prestaci\u00f3n del servicio solicitado por el\nusuario en una sola ocasi\u00f3n (por ejemplo, una lista de productos adquiridos) y\ndesaparecen al terminar la sesi\u00f3n.<\/li><li>Cookies\npersistentes: son aquellas en las que los datos siguen almacenados en el\nterminal y pueden ser accedidos y tratados durante un periodo definido por el\nresponsable de la cookie, y que puede ir de unos minutos a varios a\u00f1os.<\/li><\/ul>\n\n\n\n<p><strong>Seg\u00fan su\nfinalidad:<\/strong><\/p>\n\n\n\n<ul class=\"wp-block-list\"><li>Cookies t\u00e9cnicas: son aquellas que permiten al usuario\nla navegaci\u00f3n a trav\u00e9s de una p\u00e1gina web, plataforma o aplicaci\u00f3n y la\nutilizaci\u00f3n de las diferentes opciones o servicios que en ella existan,\nincluyendo aquellas que el editor utiliza para permitir la gesti\u00f3n y operativa\nde la p\u00e1gina web y habilitar sus funciones y servicios (como por ejemplo,\ncontrolar el tr\u00e1fico y la comunicaci\u00f3n de datos, identificar la sesi\u00f3n, acceder\na partes de acceso restringido y finalidades similares de naturaleza t\u00e9cnica).<\/li><li>Cookies de personalizaci\u00f3n: son aquellas que permiten\nrecordar informaci\u00f3n para que el usuario acceda al servicio con determinadas\ncaracter\u00edsticas que pueden diferenciar su experiencia de la de otros usuarios,\ncomo, por ejemplo, el idioma, el n\u00famero de resultados a mostrar cuando el\nusuario realiza una b\u00fasqueda, el aspecto o contenido del servicio en funci\u00f3n\ndel tipo de navegador a trav\u00e9s del cual el usuario accede al servicio o de la\nregi\u00f3n desde la que accede al servicio, etc.<\/li><li>Cookies de an\u00e1lisis: son aquellas que permiten al\nresponsable de estas el seguimiento y an\u00e1lisis del comportamiento de los\nusuarios de los sitios web a los que est\u00e1n vinculadas, incluida la\ncuantificaci\u00f3n de los impactos de los anuncios. La informaci\u00f3n recogida\nmediante este tipo de cookies se utiliza en la medici\u00f3n de la actividad de los\nsitios web, aplicaci\u00f3n o plataforma, con el fin de introducir mejoras en\nfunci\u00f3n del an\u00e1lisis de los datos de uso que hacen los usuarios del servicio.<\/li><li>Cookies de publicidad comportamental: son aquellas que\nalmacenan informaci\u00f3n del comportamiento de los usuarios obtenida a trav\u00e9s de\nla observaci\u00f3n continuada de sus h\u00e1bitos de navegaci\u00f3n, lo que permite\ndesarrollar un perfil espec\u00edfico para mostrar publicidad en funci\u00f3n de este.<\/li><\/ul>\n\n\n\n<p><strong>Seg\u00fan la\nentidad que las gestiona: <\/strong><\/p>\n\n\n\n<ul class=\"wp-block-list\"><li>Cookies propias: son aquellas que se env\u00edan al equipo\nterminal del usuario desde un equipo o dominio gestionado por el propio editor\ny desde el que se presta el servicio solicitado por el usuario. <\/li><li>Cookies de tercero: son aquellas que se env\u00edan al\nequipo terminal del usuario desde un equipo o dominio que no es gestionando por\nel editor, sino que por otra entidad que trata los datos obtenidos a trav\u00e9s de\nlas cookies.<\/li><\/ul>\n\n\n\n<p><strong>\u00bfQu\u00e9 tipo de\ncookies utiliza esta p\u00e1gina web?<\/strong><\/p>\n\n\n\n<p>La presente p\u00e1gina web est\u00e1 utilizando cookies que permiten facilitar al\nusuario el uso y la navegaci\u00f3n a trav\u00e9s de esta, garantizar el acceso a\ndeterminados servicios, as\u00ed como mejorar la configuraci\u00f3n funcional de la web.<\/p>\n\n\n\n<p><strong>\u00bfC\u00f3mo\ngestionar la configuraci\u00f3n de las cookies?<\/strong><\/p>\n\n\n\n<p>En el presente apartado se lleva a cabo una breve exposici\u00f3n de c\u00f3mo\nconsultar y llevar a cabo la configuraci\u00f3n del sistema de cookies en relaci\u00f3n\ncon los navegadores m\u00e1s comunes o m\u00e1s utilizados por los usuarios<\/p>\n\n\n\n<p>En este sentido, pr\u00e1cticamente todos los navegadores\npermiten al usuario obtener informaci\u00f3n general sobre las cookies instaladas en\nuna p\u00e1gina web, concretamente verificar la existencia de las mismas, su\nduraci\u00f3n o el sistema de eliminaci\u00f3n. En este sentido, a t\u00edtulo informativo, se\nfacilitan una serie de enlaces relacionados: <\/p>\n\n\n\n<ul class=\"wp-block-list\"><li><a href=\"https:\/\/support.google.com\/chrome\/answer\/95647?hl=es\">Google Chrome<\/a><\/li><li><a href=\"https:\/\/support.mozilla.org\/es\/kb\/cookies-informacion-que-los-sitios-web-guardan-en-\">Mozilla Firefox<\/a><\/li><li><a href=\"http:\/\/windows.microsoft.com\/es-es\/windows7\/how-to-manage-cookies-in-internet-explorer-9\">Internet Explorer<\/a><\/li><li><a href=\"http:\/\/support.apple.com\/kb\/ph5042\">Safari<\/a><\/li><\/ul>\n\n\n\n<p>Por otra parte, el usuario podr\u00e1 permitir, bloquear o eliminar las cookies\ninstaladas en su equipo modificando la configuraci\u00f3n de su navegador conforme a\nlas instrucciones indicadas en el mismo. A t\u00edtulo informativo se indica que\nhabitualmente la configuraci\u00f3n de las cookies se suele llevar a cabo en el men\u00fa\n\u201cPreferencias\u201d o \u201cHerramientas\u201d de cada navegador, en cualquier caso, siempre\npodr\u00e1 acudir a la ayuda de su navegador para solucionar o solventar las dudas\nque se le generen al respecto. <\/p>\n\n\n\n<p>Conviene tener en cuenta que, si se impide la instalaci\u00f3n de todas las\ncookies, el contenido de la web, as\u00ed como determinadas funcionalidades y\nservicios facilitados por la misma pueden verse afectados.<\/p>\n","protected":false},"excerpt":{"rendered":"<p>Pol\u00edtica de Cookies \u00bfQu\u00e9 son las Cookies? Una cookie es un archivo o dispositivo que se descarga en el equipo terminal de [&hellip;]<\/p>\n","protected":false},"author":1,"featured_media":0,"parent":0,"menu_order":0,"comment_status":"closed","ping_status":"closed","template":"page-templates\/page_front-page.php","meta":{"footnotes":""},"class_list":["post-836","page","type-page","status-publish","hentry"],"_links":{"self":[{"href":"https:\/\/alcaldegestionfincas.com\/index.php?rest_route=\/wp\/v2\/pages\/836","targetHints":{"allow":["GET"]}}],"collection":[{"href":"https:\/\/alcaldegestionfincas.com\/index.php?rest_route=\/wp\/v2\/pages"}],"about":[{"href":"https:\/\/alcaldegestionfincas.com\/index.php?rest_route=\/wp\/v2\/types\/page"}],"author":[{"embeddable":true,"href":"https:\/\/alcaldegestionfincas.com\/index.php?rest_route=\/wp\/v2\/users\/1"}],"replies":[{"embeddable":true,"href":"https:\/\/alcaldegestionfincas.com\/index.php?rest_route=%2Fwp%2Fv2%2Fcomments&post=836"}],"version-history":[{"count":4,"href":"https:\/\/alcaldegestionfincas.com\/index.php?rest_route=\/wp\/v2\/pages\/836\/revisions"}],"predecessor-version":[{"id":840,"href":"https:\/\/alcaldegestionfincas.com\/index.php?rest_route=\/wp\/v2\/pages\/836\/revisions\/840"}],"wp:attachment":[{"href":"https:\/\/alcaldegestionfincas.com\/index.php?rest_route=%2Fwp%2Fv2%2Fmedia&parent=836"}],"curies":[{"name":"wp","href":"https:\/\/api.w.org\/{rel}","templated":true}]}}