{"id":786,"date":"2017-08-31T07:49:04","date_gmt":"2017-08-31T07:49:04","guid":{"rendered":"http:\/\/alcaldegestionfincas.com\/?page_id=786"},"modified":"2025-06-12T08:25:58","modified_gmt":"2025-06-12T08:25:58","slug":"aviso-legal","status":"publish","type":"page","link":"https:\/\/alcaldegestionfincas.com\/?page_id=786","title":{"rendered":"Aviso legal"},"content":{"rendered":"\t\t<div data-elementor-type=\"wp-page\" data-elementor-id=\"786\" class=\"elementor elementor-786\">\n\t\t\t\t\t\t<section class=\"elementor-section elementor-top-section elementor-element elementor-element-25fb64c1 elementor-section-boxed elementor-section-height-default elementor-section-height-default\" data-id=\"25fb64c1\" data-element_type=\"section\" data-e-type=\"section\">\n\t\t\t\t\t\t<div class=\"elementor-container elementor-column-gap-default\">\n\t\t\t\t\t<div class=\"elementor-column elementor-col-100 elementor-top-column elementor-element elementor-element-c76789d\" data-id=\"c76789d\" data-element_type=\"column\" data-e-type=\"column\">\n\t\t\t<div class=\"elementor-widget-wrap elementor-element-populated\">\n\t\t\t\t\t\t<div class=\"elementor-element elementor-element-2845755d elementor-widget elementor-widget-text-editor\" data-id=\"2845755d\" data-element_type=\"widget\" data-e-type=\"widget\" data-widget_type=\"text-editor.default\">\n\t\t\t\t<div class=\"elementor-widget-container\">\n\t\t\t\t\t\t\t\t\t<p><strong>INFORMACI\u00d3N GENERAL<\/strong><\/p><p>El titular del sitio web WWW.ALCALDEGESTIONFINCAS.COM es SUSANA ALCALDE BEZHOLD con NIF 13780715N y domicilio sito en CALLE CUESTA, 4; PL 1\u00aa; OF. 11, 39002 SANTANDER CANTABRIA.<\/p><p>Con \u00e1nimo de que el uso del sitio web se ajuste a criterios de transparencia, claridad y sencillez, SUSANA ALCALDE BEZHOLD informa al usuario que cualquier sugerencia, duda o consulta sobre el presente Aviso Legal o cualquier otro documento informativo del sitio web ser\u00e1 recibida y solucionada contactando con SUSANA ALCALDE BEZHOLD a trav\u00e9s de la direcci\u00f3n de correo electr\u00f3nica: <a href=\"mailto:gestionfincas.alcalde.susana@gmail.com\">gestionfincas.alcalde.susana@gmail.com<\/a><\/p><p><strong>PROPIEDAD INTELECTUAL<\/strong><\/p><p>Todos los contenidos que se muestran en el presente sitio web, y en especial dise\u00f1os, textos, im\u00e1genes, logos, iconos, nombres comerciales, marcas o cualquier otra informaci\u00f3n susceptible de utilizaci\u00f3n industrial y\/o comercial est\u00e1n protegidos por los correspondientes derechos de autor, no permitiendo su reproducci\u00f3n, transmisi\u00f3n o registro de informaci\u00f3n salvo autorizaci\u00f3n previa del titular, SUSANA ALCALDE BEZHOLD. No obstante, el usuario podr\u00e1 utilizar informaci\u00f3n facilitada para gestionar su pedido y los datos de contacto correspondientes.<\/p><p><strong>ENLACES<\/strong><\/p><p>SUSANA ALCALDE BEZHOLD no asume ninguna responsabilidad sobre los enlaces hac\u00eda otros sitios o p\u00e1ginas web que, en su caso, pudieran incluirse en el mismo, ya que no tiene ning\u00fan tipo de control sobre los mismos, por lo que el usuario accede bajo su exclusiva responsabilidad al contenido y en las condiciones de uso que rijan en los mismos.<\/p>\t\t\t\t\t\t\t\t<\/div>\n\t\t\t\t<\/div>\n\t\t\t\t\t<\/div>\n\t\t<\/div>\n\t\t\t\t\t<\/div>\n\t\t<\/section>\n\t\t\t\t<\/div>\n\t\t","protected":false},"excerpt":{"rendered":"<p>INFORMACI\u00d3N GENERAL El titular del sitio web WWW.ALCALDEGESTIONFINCAS.COM es SUSANA ALCALDE BEZHOLD con NIF 13780715N y domicilio sito en CALLE CUESTA, 4; [&hellip;]<\/p>\n","protected":false},"author":1,"featured_media":0,"parent":0,"menu_order":0,"comment_status":"closed","ping_status":"closed","template":"page-templates\/page_fullwidth.php","meta":{"footnotes":""},"class_list":["post-786","page","type-page","status-publish","hentry"],"_links":{"self":[{"href":"https:\/\/alcaldegestionfincas.com\/index.php?rest_route=\/wp\/v2\/pages\/786","targetHints":{"allow":["GET"]}}],"collection":[{"href":"https:\/\/alcaldegestionfincas.com\/index.php?rest_route=\/wp\/v2\/pages"}],"about":[{"href":"https:\/\/alcaldegestionfincas.com\/index.php?rest_route=\/wp\/v2\/types\/page"}],"author":[{"embeddable":true,"href":"https:\/\/alcaldegestionfincas.com\/index.php?rest_route=\/wp\/v2\/users\/1"}],"replies":[{"embeddable":true,"href":"https:\/\/alcaldegestionfincas.com\/index.php?rest_route=%2Fwp%2Fv2%2Fcomments&post=786"}],"version-history":[{"count":11,"href":"https:\/\/alcaldegestionfincas.com\/index.php?rest_route=\/wp\/v2\/pages\/786\/revisions"}],"predecessor-version":[{"id":899,"href":"https:\/\/alcaldegestionfincas.com\/index.php?rest_route=\/wp\/v2\/pages\/786\/revisions\/899"}],"wp:attachment":[{"href":"https:\/\/alcaldegestionfincas.com\/index.php?rest_route=%2Fwp%2Fv2%2Fmedia&parent=786"}],"curies":[{"name":"wp","href":"https:\/\/api.w.org\/{rel}","templated":true}]}}