{"id":356,"date":"2015-09-05T12:12:03","date_gmt":"2015-09-05T12:12:03","guid":{"rendered":"http:\/\/demo.athemes.com\/sydney\/?page_id=356"},"modified":"2025-06-11T11:56:35","modified_gmt":"2025-06-11T11:56:35","slug":"servicios","status":"publish","type":"page","link":"https:\/\/alcaldegestionfincas.com\/?page_id=356","title":{"rendered":"Servicios"},"content":{"rendered":"<div id=\"pl-356\"  class=\"panel-layout\" ><div id=\"pg-356-0\"  class=\"panel-grid panel-has-style\" ><div style=\"padding: 20px 0; \" data-overlay=\"true\" data-overlay-color=\"#000000\" class=\"panel-row-style panel-row-style-for-356-0\" ><div id=\"pgc-356-0-0\"  class=\"panel-grid-cell\" ><div id=\"panel-356-0-0-0\" class=\"so-panel widget widget_text panel-first-child panel-last-child\" data-index=\"0\" ><div style=\"text-align: left;\" data-title-color=\"#443f3f\" data-headings-color=\"#443f3f\" class=\"panel-widget-style panel-widget-style-for-356-0-0-0\" >\t\t\t<div class=\"textwidget\"><h2><span style=\"color:#B6B8BD;font-size:35px;\">SERVICIOS QUE PRESTAMOS<\/span><\/h2><\/div>\n\t\t<\/div><\/div><\/div><\/div><\/div><div id=\"pg-356-1\"  class=\"panel-grid panel-has-style\" ><div class=\"siteorigin-panels-stretch panel-row-style panel-row-style-for-356-1\" style=\"padding: 0px 0; \" data-stretch-type=\"full-width-stretch\" data-overlay=\"true\" ><div id=\"pgc-356-1-0\"  class=\"panel-grid-cell\" ><div id=\"panel-356-1-0-0\" class=\"so-panel widget widget_text panel-first-child panel-last-child\" data-index=\"1\" ><div style=\"text-align: left;\" data-title-color=\"#443f3f\" data-headings-color=\"#443f3f\" class=\"panel-widget-style panel-widget-style-for-356-1-0-0\" >\t\t\t<div class=\"textwidget\"><\/div>\n\t\t<\/div><\/div><\/div><div id=\"pgc-356-1-1\"  class=\"panel-grid-cell\" ><div id=\"panel-356-1-1-0\" class=\"so-panel widget widget_text panel-first-child panel-last-child\" data-index=\"2\" ><div style=\"text-align: left;\" data-title-color=\"#443f3f\" data-headings-color=\"#443f3f\" class=\"panel-widget-style panel-widget-style-for-356-1-1-0\" >\t\t\t<div class=\"textwidget\"><h3>SERVICIOS INTEGRALES DE GESTION DE FINCAS<\/h3>\n\n<li>Constituci\u00f3n y Puesta en marcha de Comunidades.\n \n<li>Convocatoria y preparaci\u00f3n de las Juntas Generales Ordinarias y Extraordinarias,\n \n<li>Llevar la Contabilidad General,  la de Banco y Caja; Confecci\u00f3n, Emisi\u00f3n y Gesti\u00f3n de Recibos.  Gesti\u00f3n recibos impagados u otras deudas comunitarias. Custodia de todos los documentos propiedad de la comunidad: Libro de Actas, P\u00f3lizas de Seguros, etc....\n \n<li>Reuniones peri\u00f3dicas, con el Presidente y Junta Directiva de la Comunidad, para analizar el Estado de Cuentas (Libros de Facturas, estado de impagados, resumen de Ingresos y Gastos, etc.), as\u00ed como visitas peri\u00f3dicas a la Comunidad, para comprobar el funcionamiento del inmueble.\n \n<li>Ejecuci\u00f3n r\u00e1pida y eficaz, de los acuerdos adoptados por  las Juntas en materia de obras y efectuar los pagos y realizar los cobros que sean procedentes, Contrataci\u00f3n y pago de las facturas de los servicios comunitarios\n \n<li>Gestiones comunitarias ante Organismos p\u00fablicos y privados: Subvenciones, etc..\n \n<li>Preparaci\u00f3n de liquidaciones no anuales, as\u00ed como contabilidades periodos anteriores.\n<\/div>\n\t\t<\/div><\/div><\/div><\/div><\/div><div id=\"pg-356-2\"  class=\"panel-grid panel-has-style\" ><div class=\"siteorigin-panels-stretch panel-row-style panel-row-style-for-356-2\" style=\"padding: 0px 0; \" data-stretch-type=\"full-width-stretch\" data-overlay=\"true\" ><div id=\"pgc-356-2-0\"  class=\"panel-grid-cell\" ><div id=\"panel-356-2-0-0\" class=\"so-panel widget widget_text panel-first-child panel-last-child\" data-index=\"3\" ><div style=\"text-align: left;\" data-title-color=\"#443f3f\" data-headings-color=\"#443f3f\" class=\"panel-widget-style panel-widget-style-for-356-2-0-0\" >\t\t\t<div class=\"textwidget\"><h3>SERVICIOS PERSONALIZADOS  DE GESTI\u00d3N DE COMUNIDADES<\/h3>\n\n<p>Nos ajustamos a cada necesidad que planteen las comunidades, pueden ser:<\/p>\n \n<li><strong>GESTI\u00d3N CONTABLE:<\/strong> para  comunidades que s\u00f3lo precisan de un Administrador para que se les confeccionen la contabilidad y las liquidaciones de cuentas para las reuniones, siendo en este caso la comunidad la que se encarga de la gesti\u00f3n de avisos, mantenimiento, presupuestos, etc... En este despacho tambi\u00e9n se han llevado la contabilidad y liquidaciones para particulares quienes han sido elegidas Presidentes de Comunidades que no quieren Administrador y son los presidentes qui\u00e9nes hacen las funciones de \u00e9ste. <\/li>\n <p>&nbsp;<\/p>\n<li><strong>GESTI\u00d3N DE SERVICIOS ADMINISTRATIVOS:<\/strong> para comunidades que s\u00f3lo precisan de un Administrador para Gestionar subvenciones ante organismos p\u00fablicos, Licencias municipales y otros tr\u00e1mites administrativos. En este despacho gestionamos estos tr\u00e1mites de Comunidades o Presidentes de comunidades que no forman parte de nuestra cartera.<\/li>\n<\/div>\n\t\t<\/div><\/div><\/div><div id=\"pgc-356-2-1\"  class=\"panel-grid-cell\" ><div id=\"panel-356-2-1-0\" class=\"so-panel widget widget_text panel-first-child panel-last-child\" data-index=\"4\" ><div style=\"text-align: left;\" data-title-color=\"#443f3f\" data-headings-color=\"#443f3f\" class=\"panel-widget-style panel-widget-style-for-356-2-1-0\" >\t\t\t<div class=\"textwidget\"><\/div>\n\t\t<\/div><\/div><\/div><\/div><\/div><div id=\"pg-356-3\"  class=\"panel-grid panel-has-style\" ><div class=\"siteorigin-panels-stretch panel-row-style panel-row-style-for-356-3\" style=\"color: #ffffff;text-align: center;padding: 50px 0; \" data-stretch-type=\"full\" data-hascolor=\"hascolor\" data-overlay=\"true\" ><div id=\"pgc-356-3-0\"  class=\"panel-grid-cell\" ><div id=\"panel-356-3-0-0\" class=\"so-panel widget widget_text panel-first-child\" data-index=\"5\" ><div style=\"text-align: center;\" data-title-color=\"#443f3f\" data-headings-color=\"#443f3f\" class=\"panel-widget-style panel-widget-style-for-356-3-0-0\" >\t\t\t<div class=\"textwidget\"><p>\u00a1 P\u00cdDANOS PRESUPUESTO SIN COMPROMISO !<\/p>\n<\/div>\n\t\t<\/div><\/div><div id=\"panel-356-3-0-1\" class=\"so-panel widget widget_sow-button panel-last-child\" data-index=\"6\" ><div style=\"text-align: left;\" data-title-color=\"#443f3f\" data-headings-color=\"#443f3f\" class=\"panel-widget-style panel-widget-style-for-356-3-0-1\" ><div\n\t\t\t\n\t\t\tclass=\"so-widget-sow-button so-widget-sow-button-atom-f54c0409268f-356\"\n\t\t\t\n\t\t><div class=\"ow-button-base ow-button-align-center\"\n>\n\t\t\t<a\n\t\t\t\t\thref=\"https:\/\/alcaldegestionfincas.com\/?page_id=343\/#solicite\"\n\t\t\t\t\tclass=\"sowb-button ow-icon-placement-left ow-button-hover\" \t>\n\t\t<span>\n\t\t\t\n\t\t\tSolicite presupuesto\t\t<\/span>\n\t\t\t<\/a>\n\t<\/div>\n<\/div><\/div><\/div><\/div><\/div><\/div><\/div>","protected":false},"excerpt":{"rendered":"<p>SERVICIOS QUE PRESTAMOS SERVICIOS INTEGRALES DE GESTION DE FINCAS Constituci\u00f3n y Puesta en marcha de Comunidades. Convocatoria y preparaci\u00f3n de las Juntas [&hellip;]<\/p>\n","protected":false},"author":1,"featured_media":0,"parent":0,"menu_order":0,"comment_status":"closed","ping_status":"closed","template":"page-templates\/page_front-page.php","meta":{"footnotes":""},"class_list":["post-356","page","type-page","status-publish","hentry"],"_links":{"self":[{"href":"https:\/\/alcaldegestionfincas.com\/index.php?rest_route=\/wp\/v2\/pages\/356","targetHints":{"allow":["GET"]}}],"collection":[{"href":"https:\/\/alcaldegestionfincas.com\/index.php?rest_route=\/wp\/v2\/pages"}],"about":[{"href":"https:\/\/alcaldegestionfincas.com\/index.php?rest_route=\/wp\/v2\/types\/page"}],"author":[{"embeddable":true,"href":"https:\/\/alcaldegestionfincas.com\/index.php?rest_route=\/wp\/v2\/users\/1"}],"replies":[{"embeddable":true,"href":"https:\/\/alcaldegestionfincas.com\/index.php?rest_route=%2Fwp%2Fv2%2Fcomments&post=356"}],"version-history":[{"count":65,"href":"https:\/\/alcaldegestionfincas.com\/index.php?rest_route=\/wp\/v2\/pages\/356\/revisions"}],"predecessor-version":[{"id":880,"href":"https:\/\/alcaldegestionfincas.com\/index.php?rest_route=\/wp\/v2\/pages\/356\/revisions\/880"}],"wp:attachment":[{"href":"https:\/\/alcaldegestionfincas.com\/index.php?rest_route=%2Fwp%2Fv2%2Fmedia&parent=356"}],"curies":[{"name":"wp","href":"https:\/\/api.w.org\/{rel}","templated":true}]}}